{"id":2158,"date":"2015-01-26T10:28:02","date_gmt":"2015-01-26T09:28:02","guid":{"rendered":"http:\/\/wordpress.voelserhof.com\/hotel-bad-hofgastein\/geschichte-tradition\/"},"modified":"2025-10-01T08:07:10","modified_gmt":"2025-10-01T06:07:10","slug":"history-tradition","status":"publish","type":"page","link":"https:\/\/www.voelserhof.com\/en\/hotel-bad-hofgastein\/history-tradition\/","title":{"rendered":"History &#038; Tradition"},"content":{"rendered":"<div class=\"wpb-content-wrapper\"><p>[vc_row][vc_column][vc_column_text]<\/p>\n<h1>History &amp; Tradition<\/h1>\n<h2>V\u00f6lserhof &#8211; stay not just as a guest but as a friend<\/h2>\n<p>[\/vc_column_text][\/vc_column][\/vc_row][vc_row][vc_column width=&#8221;1\/2&#8243;][vc_single_image image=&#8221;1237&#8243; img_size=&#8221;medium&#8221;][\/vc_column][vc_column width=&#8221;1\/2&#8243;][vc_single_image image=&#8221;1234&#8243; img_size=&#8221;medium&#8221;][\/vc_column][\/vc_row][vc_row][vc_column][vc_column_text css=&#8221;&#8221;]There, where you feel at home you can really relax &#8211; creating this atmosphere of well-being and enjoyment for our guests is dear to our heart. In particular a personal service and friendliness are of the utmost importance to us. We set great store by traditional values and have an open-minded view of the future. We look forward to welcoming you.[\/vc_column_text][\/vc_column][\/vc_row][vc_row][vc_column][vc_column_text]<\/p>\n<h3>From restaurant to 4 star hotel<\/h3>\n<p>[\/vc_column_text][vc_column_text css=&#8221;&#8221;]In 1961 Benedikt Lang senior opened the restaurant of the same name in Bad Hofgastein. He catered for his guests with great enthusiasm in the restaurant and Laterndl St\u00fcberl. In 1972 the restaurant was extended to an accommodation property. As a reminder of his home village V\u00f6ls am Schlern in South Tyrol Benedikt gave the house the catchy name of V\u00f6lserhof. From then on constant extension and renovation work has taken place.[\/vc_column_text][\/vc_column][\/vc_row][vc_row][vc_column][vc_gallery type=&#8221;image_grid&#8221; images=&#8221;1660,1662,1665,1661,1663,1267,1263,1262&#8243;][\/vc_column][\/vc_row]<\/p>\n<\/div>","protected":false},"excerpt":{"rendered":"<p>[vc_row][vc_column][vc_column_text] History &amp; Tradition V\u00f6lserhof &#8211; stay not just as a guest but as a friend [\/vc_column_text][\/vc_column][\/vc_row][vc_row][vc_column width=&#8221;1\/2&#8243;][vc_single_image image=&#8221;1237&#8243; img_size=&#8221;medium&#8221;][\/vc_column][vc_column width=&#8221;1\/2&#8243;][vc_single_image image=&#8221;1234&#8243; img_size=&#8221;medium&#8221;][\/vc_column][\/vc_row][vc_row][vc_column][vc_column_text css=&#8221;&#8221;]There, where you feel at home you can really relax &#8211; creating this atmosphere of well-being and enjoyment for our guests is dear to our heart. In particular a personal service and &hellip;<\/p>\n\n<p><a class=\"readmore btn btn-default btn-default btn-block\" href=\"https:\/\/www.voelserhof.com\/en\/hotel-bad-hofgastein\/history-tradition\/\">weiterlesen<\/a><\/p>","protected":false},"author":1,"featured_media":0,"parent":2142,"menu_order":4,"comment_status":"closed","ping_status":"closed","template":"","meta":{"_acf_changed":false,"rs_blank_template":"","rs_page_bg_color":"","slide_template_v7":"","jetpack_post_was_ever_published":false,"footnotes":""},"class_list":["post-2158","page","type-page","status-publish","hentry"],"acf":[],"yoast_head":"<!-- This site is optimized with the Yoast SEO plugin v27.4 - https:\/\/yoast.com\/product\/yoast-seo-wordpress\/ -->\n<title>History &amp; Tradition - Hotel V\u00f6lserhof<\/title>\n<meta name=\"robots\" content=\"index, follow, max-snippet:-1, max-image-preview:large, max-video-preview:-1\" \/>\n<link rel=\"canonical\" href=\"https:\/\/www.voelserhof.com\/en\/hotel-bad-hofgastein\/history-tradition\/\" \/>\n<meta property=\"og:locale\" content=\"en_US\" \/>\n<meta property=\"og:type\" content=\"article\" \/>\n<meta property=\"og:title\" content=\"History &amp; Tradition - Hotel V\u00f6lserhof\" \/>\n<meta property=\"og:description\" content=\"[vc_row][vc_column][vc_column_text] History &amp; Tradition V\u00f6lserhof &#8211; stay not just as a guest but as a friend [\/vc_column_text][\/vc_column][\/vc_row][vc_row][vc_column width=&#8221;1\/2&#8243;][vc_single_image image=&#8221;1237&#8243; img_size=&#8221;medium&#8221;][\/vc_column][vc_column width=&#8221;1\/2&#8243;][vc_single_image image=&#8221;1234&#8243; img_size=&#8221;medium&#8221;][\/vc_column][\/vc_row][vc_row][vc_column][vc_column_text css=&#8221;&#8221;]There, where you feel at home you can really relax &#8211; creating this atmosphere of well-being and enjoyment for our guests is dear to our heart. In particular a personal service and &hellip;\" \/>\n<meta property=\"og:url\" content=\"https:\/\/www.voelserhof.com\/en\/hotel-bad-hofgastein\/history-tradition\/\" \/>\n<meta property=\"og:site_name\" content=\"Hotel V\u00f6lserhof\" \/>\n<meta property=\"article:modified_time\" content=\"2025-10-01T06:07:10+00:00\" \/>\n<meta name=\"twitter:label1\" content=\"Gesch\u00e4tzte Lesezeit\" \/>\n\t<meta name=\"twitter:data1\" content=\"3\u00a0Minuten\" \/>\n<script type=\"application\/ld+json\" class=\"yoast-schema-graph\">{\"@context\":\"https:\\\/\\\/schema.org\",\"@graph\":[{\"@type\":\"WebPage\",\"@id\":\"https:\\\/\\\/www.voelserhof.com\\\/en\\\/hotel-bad-hofgastein\\\/history-tradition\\\/\",\"url\":\"https:\\\/\\\/www.voelserhof.com\\\/en\\\/hotel-bad-hofgastein\\\/history-tradition\\\/\",\"name\":\"History & Tradition - Hotel V\u00f6lserhof\",\"isPartOf\":{\"@id\":\"https:\\\/\\\/www.voelserhof.com\\\/#website\"},\"datePublished\":\"2015-01-26T09:28:02+00:00\",\"dateModified\":\"2025-10-01T06:07:10+00:00\",\"breadcrumb\":{\"@id\":\"https:\\\/\\\/www.voelserhof.com\\\/en\\\/hotel-bad-hofgastein\\\/history-tradition\\\/#breadcrumb\"},\"inLanguage\":\"de\",\"potentialAction\":[{\"@type\":\"ReadAction\",\"target\":[\"https:\\\/\\\/www.voelserhof.com\\\/en\\\/hotel-bad-hofgastein\\\/history-tradition\\\/\"]}]},{\"@type\":\"BreadcrumbList\",\"@id\":\"https:\\\/\\\/www.voelserhof.com\\\/en\\\/hotel-bad-hofgastein\\\/history-tradition\\\/#breadcrumb\",\"itemListElement\":[{\"@type\":\"ListItem\",\"position\":1,\"name\":\"Home\",\"item\":\"https:\\\/\\\/www.voelserhof.com\\\/en\\\/\"},{\"@type\":\"ListItem\",\"position\":2,\"name\":\"The Hotel\",\"item\":\"https:\\\/\\\/www.voelserhof.com\\\/en\\\/hotel-bad-hofgastein\\\/\"},{\"@type\":\"ListItem\",\"position\":3,\"name\":\"History &#038; Tradition\"}]},{\"@type\":\"WebSite\",\"@id\":\"https:\\\/\\\/www.voelserhof.com\\\/#website\",\"url\":\"https:\\\/\\\/www.voelserhof.com\\\/\",\"name\":\"Hotel V\u00f6lserhof\",\"description\":\"4-Sterne Hotel in Bad Hofgastein\",\"potentialAction\":[{\"@type\":\"SearchAction\",\"target\":{\"@type\":\"EntryPoint\",\"urlTemplate\":\"https:\\\/\\\/www.voelserhof.com\\\/?s={search_term_string}\"},\"query-input\":{\"@type\":\"PropertyValueSpecification\",\"valueRequired\":true,\"valueName\":\"search_term_string\"}}],\"inLanguage\":\"de\"}]}<\/script>\n<!-- \/ Yoast SEO plugin. -->","yoast_head_json":{"title":"History & Tradition - Hotel V\u00f6lserhof","robots":{"index":"index","follow":"follow","max-snippet":"max-snippet:-1","max-image-preview":"max-image-preview:large","max-video-preview":"max-video-preview:-1"},"canonical":"https:\/\/www.voelserhof.com\/en\/hotel-bad-hofgastein\/history-tradition\/","og_locale":"en_US","og_type":"article","og_title":"History & Tradition - Hotel V\u00f6lserhof","og_description":"[vc_row][vc_column][vc_column_text] History &amp; Tradition V\u00f6lserhof &#8211; stay not just as a guest but as a friend [\/vc_column_text][\/vc_column][\/vc_row][vc_row][vc_column width=&#8221;1\/2&#8243;][vc_single_image image=&#8221;1237&#8243; img_size=&#8221;medium&#8221;][\/vc_column][vc_column width=&#8221;1\/2&#8243;][vc_single_image image=&#8221;1234&#8243; img_size=&#8221;medium&#8221;][\/vc_column][\/vc_row][vc_row][vc_column][vc_column_text css=&#8221;&#8221;]There, where you feel at home you can really relax &#8211; creating this atmosphere of well-being and enjoyment for our guests is dear to our heart. In particular a personal service and &hellip;","og_url":"https:\/\/www.voelserhof.com\/en\/hotel-bad-hofgastein\/history-tradition\/","og_site_name":"Hotel V\u00f6lserhof","article_modified_time":"2025-10-01T06:07:10+00:00","twitter_misc":{"Gesch\u00e4tzte Lesezeit":"3\u00a0Minuten"},"schema":{"@context":"https:\/\/schema.org","@graph":[{"@type":"WebPage","@id":"https:\/\/www.voelserhof.com\/en\/hotel-bad-hofgastein\/history-tradition\/","url":"https:\/\/www.voelserhof.com\/en\/hotel-bad-hofgastein\/history-tradition\/","name":"History & Tradition - Hotel V\u00f6lserhof","isPartOf":{"@id":"https:\/\/www.voelserhof.com\/#website"},"datePublished":"2015-01-26T09:28:02+00:00","dateModified":"2025-10-01T06:07:10+00:00","breadcrumb":{"@id":"https:\/\/www.voelserhof.com\/en\/hotel-bad-hofgastein\/history-tradition\/#breadcrumb"},"inLanguage":"de","potentialAction":[{"@type":"ReadAction","target":["https:\/\/www.voelserhof.com\/en\/hotel-bad-hofgastein\/history-tradition\/"]}]},{"@type":"BreadcrumbList","@id":"https:\/\/www.voelserhof.com\/en\/hotel-bad-hofgastein\/history-tradition\/#breadcrumb","itemListElement":[{"@type":"ListItem","position":1,"name":"Home","item":"https:\/\/www.voelserhof.com\/en\/"},{"@type":"ListItem","position":2,"name":"The Hotel","item":"https:\/\/www.voelserhof.com\/en\/hotel-bad-hofgastein\/"},{"@type":"ListItem","position":3,"name":"History &#038; Tradition"}]},{"@type":"WebSite","@id":"https:\/\/www.voelserhof.com\/#website","url":"https:\/\/www.voelserhof.com\/","name":"Hotel V\u00f6lserhof","description":"4-Sterne Hotel in Bad Hofgastein","potentialAction":[{"@type":"SearchAction","target":{"@type":"EntryPoint","urlTemplate":"https:\/\/www.voelserhof.com\/?s={search_term_string}"},"query-input":{"@type":"PropertyValueSpecification","valueRequired":true,"valueName":"search_term_string"}}],"inLanguage":"de"}]}},"jetpack_sharing_enabled":true,"jetpack_shortlink":"https:\/\/wp.me\/PaqYbn-yO","_links":{"self":[{"href":"https:\/\/www.voelserhof.com\/en\/wp-json\/wp\/v2\/pages\/2158","targetHints":{"allow":["GET"]}}],"collection":[{"href":"https:\/\/www.voelserhof.com\/en\/wp-json\/wp\/v2\/pages"}],"about":[{"href":"https:\/\/www.voelserhof.com\/en\/wp-json\/wp\/v2\/types\/page"}],"author":[{"embeddable":true,"href":"https:\/\/www.voelserhof.com\/en\/wp-json\/wp\/v2\/users\/1"}],"replies":[{"embeddable":true,"href":"https:\/\/www.voelserhof.com\/en\/wp-json\/wp\/v2\/comments?post=2158"}],"version-history":[{"count":0,"href":"https:\/\/www.voelserhof.com\/en\/wp-json\/wp\/v2\/pages\/2158\/revisions"}],"up":[{"embeddable":true,"href":"https:\/\/www.voelserhof.com\/en\/wp-json\/wp\/v2\/pages\/2142"}],"wp:attachment":[{"href":"https:\/\/www.voelserhof.com\/en\/wp-json\/wp\/v2\/media?parent=2158"}],"curies":[{"name":"wp","href":"https:\/\/api.w.org\/{rel}","templated":true}]}}